{"id":7186,"date":"2021-07-30T10:25:29","date_gmt":"2021-07-30T08:25:29","guid":{"rendered":"https:\/\/drago-apartmani.com\/?page_id=7186"},"modified":"2021-07-30T10:31:05","modified_gmt":"2021-07-30T08:31:05","slug":"cijene-i-rezervacije","status":"publish","type":"page","link":"https:\/\/apartmani-drago.com\/en\/cijene-i-rezervacije\/","title":{"rendered":"Prices and reservation"},"content":{"rendered":"<div data-elementor-type=\"wp-page\" data-elementor-id=\"7186\" class=\"elementor elementor-7186\" data-elementor-post-type=\"page\">\n\t\t\t\t\t\t<section class=\"elementor-section elementor-top-section elementor-element elementor-element-74efb3ff elementor-section-full_width elementor-section-height-default elementor-section-height-default\" data-id=\"74efb3ff\" data-element_type=\"section\" data-settings=\"{&quot;background_background&quot;:&quot;classic&quot;}\">\n\t\t\t\t\t\t<div class=\"elementor-container elementor-column-gap-default\">\n\t\t\t\t\t<div class=\"elementor-column elementor-col-100 elementor-top-column elementor-element elementor-element-635d175f\" data-id=\"635d175f\" data-element_type=\"column\">\n\t\t\t<div class=\"elementor-widget-wrap\">\n\t\t\t\t\t\t\t<\/div>\n\t\t<\/div>\n\t\t\t\t\t<\/div>\n\t\t<\/section>\n\t\t\t\t<section class=\"elementor-section elementor-top-section elementor-element elementor-element-1a6c5e70 elementor-section-boxed elementor-section-height-default elementor-section-height-default\" data-id=\"1a6c5e70\" data-element_type=\"section\" data-settings=\"{&quot;background_background&quot;:&quot;classic&quot;}\">\n\t\t\t\t\t\t<div class=\"elementor-container elementor-column-gap-default\">\n\t\t\t\t\t<div class=\"elementor-column elementor-col-100 elementor-top-column elementor-element elementor-element-6fb516dd\" data-id=\"6fb516dd\" data-element_type=\"column\">\n\t\t\t<div class=\"elementor-widget-wrap elementor-element-populated\">\n\t\t\t\t\t\t\t<\/div>\n\t\t<\/div>\n\t\t\t\t\t<\/div>\n\t\t<\/section>\n\t\t\t\t<section class=\"elementor-section elementor-top-section elementor-element elementor-element-2261d8f1 elementor-section-boxed elementor-section-height-default elementor-section-height-default\" data-id=\"2261d8f1\" data-element_type=\"section\">\n\t\t\t\t\t\t<div class=\"elementor-container elementor-column-gap-default\">\n\t\t\t\t\t<div class=\"elementor-column elementor-col-100 elementor-top-column elementor-element elementor-element-763655b3\" data-id=\"763655b3\" data-element_type=\"column\">\n\t\t\t<div class=\"elementor-widget-wrap elementor-element-populated\">\n\t\t\t\t\t\t<div class=\"elementor-element elementor-element-208ce9 elementor-widget elementor-widget-spacer\" data-id=\"208ce9\" data-element_type=\"widget\" data-widget_type=\"spacer.default\">\n\t\t\t\t<div class=\"elementor-widget-container\">\n\t\t\t\t\t<div class=\"elementor-spacer\">\n\t\t\t<div class=\"elementor-spacer-inner\"><\/div>\n\t\t<\/div>\n\t\t\t\t<\/div>\n\t\t\t\t<\/div>\n\t\t\t\t\t<\/div>\n\t\t<\/div>\n\t\t\t\t\t<\/div>\n\t\t<\/section>\n\t\t\t\t<section class=\"elementor-section elementor-top-section elementor-element elementor-element-514d920 elementor-section-boxed elementor-section-height-default elementor-section-height-default\" data-id=\"514d920\" data-element_type=\"section\">\n\t\t\t\t\t\t<div class=\"elementor-container elementor-column-gap-default\">\n\t\t\t\t\t<div class=\"elementor-column elementor-col-100 elementor-top-column elementor-element elementor-element-bf94fa3\" data-id=\"bf94fa3\" data-element_type=\"column\">\n\t\t\t<div class=\"elementor-widget-wrap elementor-element-populated\">\n\t\t\t\t\t\t<div class=\"elementor-element elementor-element-1c3e13e elementor-widget elementor-widget-text-editor\" data-id=\"1c3e13e\" data-element_type=\"widget\" data-widget_type=\"text-editor.default\">\n\t\t\t\t<div class=\"elementor-widget-container\">\n\t\t\t\t\t\t\t<h2><span style=\"color: #ff6600;\">We can offer you this apartments and rooms:<\/span><\/h2><p>\n<table id=\"tablepress-1\" class=\"tablepress tablepress-id-1\">\n<thead>\n<tr class=\"row-1 odd\">\n\t<th class=\"column-1\">Apartment<\/th><th class=\"column-2\">Tip<\/th><th class=\"column-3\">Broj osoba<\/th><th class=\"column-4\">Cijena<\/th><th class=\"column-5\">Opis<\/th>\n<\/tr>\n<\/thead>\n<tbody class=\"row-hover\">\n<tr class=\"row-2 even\">\n\t<td class=\"column-1\">Apartment A1<\/td><td class=\"column-2\">1\/4<\/td><td class=\"column-3\">4<\/td><td class=\"column-4\">65 \u20ac<\/td><td class=\"column-5\">2 room \u2013 2 twin bed + 2 beds<\/td>\n<\/tr>\n<tr class=\"row-3 odd\">\n\t<td class=\"column-1\">Apartment A2<\/td><td class=\"column-2\">1\/4<\/td><td class=\"column-3\">4<\/td><td class=\"column-4\">65 \u20ac<\/td><td class=\"column-5\">2 room \u2013 2 twin bed + 2 beds<\/td>\n<\/tr>\n<tr class=\"row-4 even\">\n\t<td class=\"column-1\">Apartment A3<\/td><td class=\"column-2\">studio 1\/2<\/td><td class=\"column-3\">2<\/td><td class=\"column-4\">50 \u20ac<\/td><td class=\"column-5\">1 room \u2013 twin bed<\/td>\n<\/tr>\n<tr class=\"row-5 odd\">\n\t<td class=\"column-1\">Apartment A4<\/td><td class=\"column-2\">1\/4<\/td><td class=\"column-3\">4<\/td><td class=\"column-4\">65 \u20ac<\/td><td class=\"column-5\">2 room \u2013 2 twin bed + 2 beds<\/td>\n<\/tr>\n<tr class=\"row-6 even\">\n\t<td class=\"column-1\">Apartment A5<\/td><td class=\"column-2\">1\/4<\/td><td class=\"column-3\">4<\/td><td class=\"column-4\">65 \u20ac<\/td><td class=\"column-5\">2 room \u2013 2 twin bed + 2 beds<\/td>\n<\/tr>\n<tr class=\"row-7 odd\">\n\t<td class=\"column-1\">Apartment A6<\/td><td class=\"column-2\">studio 1\/2<\/td><td class=\"column-3\">2<\/td><td class=\"column-4\">50 \u20ac<\/td><td class=\"column-5\">1 room \u2013 twin bed<\/td>\n<\/tr>\n<tr class=\"row-8 even\">\n\t<td class=\"column-1\">Apartment A7<\/td><td class=\"column-2\">1\/5<\/td><td class=\"column-3\">5<\/td><td class=\"column-4\">120 \u20ac<\/td><td class=\"column-5\">3 room \u2013 2 twin bed + 1 beds<\/td>\n<\/tr>\n<tr class=\"row-9 odd\">\n\t<td class=\"column-1\">Apartment A8<\/td><td class=\"column-2\">1\/8<\/td><td class=\"column-3\">6-8<\/td><td class=\"column-4\">120 \u20ac<\/td><td class=\"column-5\">4 room \u2013 3 twin bed + 2 beds<\/td>\n<\/tr>\n<tr class=\"row-10 even\">\n\t<td class=\"column-1\">Apartment A9<\/td><td class=\"column-2\">1\/8<\/td><td class=\"column-3\">6-8<\/td><td class=\"column-4\">120 \u20ac<\/td><td class=\"column-5\">4 room \u2013 3 twin bed + 2 beds<\/td>\n<\/tr>\n<\/tbody>\n<\/table>\n<!-- #tablepress-1 from cache --><\/p><p>\n<table id=\"tablepress-2\" class=\"tablepress tablepress-id-2\">\n<thead>\n<tr class=\"row-1 odd\">\n\t<th class=\"column-1\">Room<\/th><th class=\"column-2\">Tip<\/th><th class=\"column-3\">Broj osoba<\/th><th class=\"column-4\">Cijena<\/th><th class=\"column-5\">Opis<\/th>\n<\/tr>\n<\/thead>\n<tbody class=\"row-hover\">\n<tr class=\"row-2 even\">\n\t<td class=\"column-1\">Room S1<\/td><td class=\"column-2\">S 1\/2<\/td><td class=\"column-3\">2<\/td><td class=\"column-4\">40 \u20ac<\/td><td class=\"column-5\">twin bed<\/td>\n<\/tr>\n<tr class=\"row-3 odd\">\n\t<td class=\"column-1\">Room S2<\/td><td class=\"column-2\">S 1\/2<\/td><td class=\"column-3\">2<\/td><td class=\"column-4\">40 \u20ac<\/td><td class=\"column-5\">twin bed<\/td>\n<\/tr>\n<tr class=\"row-4 even\">\n\t<td class=\"column-1\">Room S3<\/td><td class=\"column-2\">S 1\/2<\/td><td class=\"column-3\">2<\/td><td class=\"column-4\">40 \u20ac<\/td><td class=\"column-5\">twin bed<\/td>\n<\/tr>\n<\/tbody>\n<\/table>\n<!-- #tablepress-2 from cache --><\/p><p>All apartments and rooms can use wahsing machine for a small fee.<\/p><p><strong>Pets are welcome. In every apartment is free WIFI.<\/strong><\/p><p><strong>All apartments are equipped with air conditioning \u2013 Use extra charge.<\/strong><\/p><p>We recommend arrival on Saturday after 12AM, minimal reservation is 7 days. On the last day please free up apartment\/room till 9AM.<\/p><p>For reservation complete payment till 01-May \u2013 discount 10%<\/p><p>In a few days we will contact you and inform you is the apartment available at given date and instruct you how you can pay. Thanks!<\/p><p>We wish you a perfect holidays and enjoyable stay in Petrcane and in our apartments.<\/p>\t\t\t\t\t\t<\/div>\n\t\t\t\t<\/div>\n\t\t\t\t\t<\/div>\n\t\t<\/div>\n\t\t\t\t\t<\/div>\n\t\t<\/section>\n\t\t\t\t<section class=\"elementor-section elementor-top-section elementor-element elementor-element-35228d5d elementor-section-full_width elementor-section-height-default elementor-section-height-default\" data-id=\"35228d5d\" data-element_type=\"section\" data-settings=\"{&quot;background_background&quot;:&quot;classic&quot;}\">\n\t\t\t\t\t\t<div class=\"elementor-container elementor-column-gap-default\">\n\t\t\t\t\t<div class=\"elementor-column elementor-col-100 elementor-top-column elementor-element elementor-element-5433ae94\" data-id=\"5433ae94\" data-element_type=\"column\">\n\t\t\t<div class=\"elementor-widget-wrap elementor-element-populated\">\n\t\t\t\t\t\t<div class=\"elementor-element elementor-element-5213042e elementor-align-center elementor-widget elementor-widget-button\" data-id=\"5213042e\" data-element_type=\"widget\" data-widget_type=\"button.default\">\n\t\t\t\t<div class=\"elementor-widget-container\">\n\t\t\t\t\t\t\t<div class=\"elementor-button-wrapper\">\n\t\t\t\t\t<a class=\"elementor-button elementor-button-link elementor-size-sm\" href=\"https:\/\/apartmani-drago.com\/en\/contact-us\/\">\n\t\t\t\t\t\t<span class=\"elementor-button-content-wrapper\">\n\t\t\t\t\t\t\t\t\t<span class=\"elementor-button-text\">RESERVATION<\/span>\n\t\t\t\t\t<\/span>\n\t\t\t\t\t<\/a>\n\t\t\t\t<\/div>\n\t\t\t\t\t\t<\/div>\n\t\t\t\t<\/div>\n\t\t\t\t\t<\/div>\n\t\t<\/div>\n\t\t\t\t\t<\/div>\n\t\t<\/section>\n\t\t\t\t<\/div>","protected":false},"excerpt":{"rendered":"<p>Mo\u017eemo vam ponuditi ove apartmane i sobe: Svi apartmani i sobe mogu koristiti stroj za pranje rublja uz naknadu. Ku\u0107ni ljubimci su dobro do\u0161li. U svim apartmanima je besplatan WIFI. Svi apartmani su opremljeni klima ure\u0111ajima \u2013 kori\u0161tenje uz nadoplatu. Preporu\u010da se dolazak subotom poslije 12:00, minimalni ara\u017eman 7 dana. Odlazak iz aparmana\/sobe zadnji dan [&hellip;]<\/p>","protected":false},"author":1,"featured_media":0,"parent":0,"menu_order":0,"comment_status":"closed","ping_status":"closed","template":"template-canvas.php","meta":{"footnotes":""},"class_list":["post-7186","page","type-page","status-publish","hentry"],"_links":{"self":[{"href":"https:\/\/apartmani-drago.com\/en\/wp-json\/wp\/v2\/pages\/7186","targetHints":{"allow":["GET"]}}],"collection":[{"href":"https:\/\/apartmani-drago.com\/en\/wp-json\/wp\/v2\/pages"}],"about":[{"href":"https:\/\/apartmani-drago.com\/en\/wp-json\/wp\/v2\/types\/page"}],"author":[{"embeddable":true,"href":"https:\/\/apartmani-drago.com\/en\/wp-json\/wp\/v2\/users\/1"}],"replies":[{"embeddable":true,"href":"https:\/\/apartmani-drago.com\/en\/wp-json\/wp\/v2\/comments?post=7186"}],"version-history":[{"count":15,"href":"https:\/\/apartmani-drago.com\/en\/wp-json\/wp\/v2\/pages\/7186\/revisions"}],"predecessor-version":[{"id":7206,"href":"https:\/\/apartmani-drago.com\/en\/wp-json\/wp\/v2\/pages\/7186\/revisions\/7206"}],"wp:attachment":[{"href":"https:\/\/apartmani-drago.com\/en\/wp-json\/wp\/v2\/media?parent=7186"}],"curies":[{"name":"wp","href":"https:\/\/api.w.org\/{rel}","templated":true}]}}