{"id":7101,"date":"2021-07-30T09:54:37","date_gmt":"2021-07-30T07:54:37","guid":{"rendered":"https:\/\/drago-apartmani.com\/?page_id=7101"},"modified":"2021-07-30T09:56:39","modified_gmt":"2021-07-30T07:56:39","slug":"apartman-a5","status":"publish","type":"page","link":"https:\/\/apartmani-drago.com\/de\/apartman-a5\/","title":{"rendered":"Apartman A5"},"content":{"rendered":"<div data-elementor-type=\"wp-page\" data-elementor-id=\"7101\" class=\"elementor elementor-7101\" data-elementor-post-type=\"page\">\n\t\t\t\t\t\t<section class=\"elementor-section elementor-top-section elementor-element elementor-element-12cb6895 elementor-section-full_width elementor-section-height-default elementor-section-height-default\" data-id=\"12cb6895\" data-element_type=\"section\" data-settings=\"{&quot;background_background&quot;:&quot;classic&quot;}\">\n\t\t\t\t\t\t<div class=\"elementor-container elementor-column-gap-default\">\n\t\t\t\t\t<div class=\"elementor-column elementor-col-100 elementor-top-column elementor-element elementor-element-4cb43dbb\" data-id=\"4cb43dbb\" data-element_type=\"column\">\n\t\t\t<div class=\"elementor-widget-wrap\">\n\t\t\t\t\t\t\t<\/div>\n\t\t<\/div>\n\t\t\t\t\t<\/div>\n\t\t<\/section>\n\t\t\t\t<section class=\"elementor-section elementor-top-section elementor-element elementor-element-55e93c14 elementor-section-boxed elementor-section-height-default elementor-section-height-default\" data-id=\"55e93c14\" data-element_type=\"section\" data-settings=\"{&quot;background_background&quot;:&quot;classic&quot;}\">\n\t\t\t\t\t\t<div class=\"elementor-container elementor-column-gap-default\">\n\t\t\t\t\t<div class=\"elementor-column elementor-col-100 elementor-top-column elementor-element elementor-element-65edec4f\" data-id=\"65edec4f\" data-element_type=\"column\">\n\t\t\t<div class=\"elementor-widget-wrap elementor-element-populated\">\n\t\t\t\t\t\t\t<\/div>\n\t\t<\/div>\n\t\t\t\t\t<\/div>\n\t\t<\/section>\n\t\t\t\t<section class=\"elementor-section elementor-top-section elementor-element elementor-element-b9d1b15 elementor-section-boxed elementor-section-height-default elementor-section-height-default\" data-id=\"b9d1b15\" data-element_type=\"section\">\n\t\t\t\t\t\t<div class=\"elementor-container elementor-column-gap-default\">\n\t\t\t\t\t<div class=\"elementor-column elementor-col-100 elementor-top-column elementor-element elementor-element-7a4a5918\" data-id=\"7a4a5918\" data-element_type=\"column\">\n\t\t\t<div class=\"elementor-widget-wrap elementor-element-populated\">\n\t\t\t\t\t\t<div class=\"elementor-element elementor-element-656346e3 elementor-widget elementor-widget-spacer\" data-id=\"656346e3\" data-element_type=\"widget\" data-widget_type=\"spacer.default\">\n\t\t\t\t<div class=\"elementor-widget-container\">\n\t\t\t\t\t<div class=\"elementor-spacer\">\n\t\t\t<div class=\"elementor-spacer-inner\"><\/div>\n\t\t<\/div>\n\t\t\t\t<\/div>\n\t\t\t\t<\/div>\n\t\t\t\t\t<\/div>\n\t\t<\/div>\n\t\t\t\t\t<\/div>\n\t\t<\/section>\n\t\t\t\t<section class=\"elementor-section elementor-top-section elementor-element elementor-element-e5775df elementor-section-boxed elementor-section-height-default elementor-section-height-default\" data-id=\"e5775df\" data-element_type=\"section\">\n\t\t\t\t\t\t<div class=\"elementor-container elementor-column-gap-default\">\n\t\t\t\t\t<div class=\"elementor-column elementor-col-100 elementor-top-column elementor-element elementor-element-10a8d4f\" data-id=\"10a8d4f\" data-element_type=\"column\">\n\t\t\t<div class=\"elementor-widget-wrap elementor-element-populated\">\n\t\t\t\t\t\t\t<\/div>\n\t\t<\/div>\n\t\t\t\t\t<\/div>\n\t\t<\/section>\n\t\t\t\t<section class=\"elementor-section elementor-top-section elementor-element elementor-element-3b5249a elementor-section-boxed elementor-section-height-default elementor-section-height-default\" data-id=\"3b5249a\" data-element_type=\"section\">\n\t\t\t\t\t\t<div class=\"elementor-container elementor-column-gap-default\">\n\t\t\t\t\t<div class=\"elementor-column elementor-col-50 elementor-top-column elementor-element elementor-element-ffb5c27\" data-id=\"ffb5c27\" data-element_type=\"column\">\n\t\t\t<div class=\"elementor-widget-wrap elementor-element-populated\">\n\t\t\t\t\t\t<div class=\"elementor-element elementor-element-62d0a0a elementor-widget elementor-widget-text-editor\" data-id=\"62d0a0a\" data-element_type=\"widget\" data-widget_type=\"text-editor.default\">\n\t\t\t\t<div class=\"elementor-widget-container\">\n\t\t\t\t\t\t\t<h2><span style=\"color: #ff6600;\"><strong>Kategorija ***<\/strong><\/span><\/h2><p>1. kat<\/p><p>Broj kupaonica s tus kadom : 1<\/p><p>Boravak i kuhinja su u jednoj prostoriji<\/p><p>Povrsina (boravka, blagovaone ili kuhinje) 15 m2<\/p><p>Terasa, 10 m2<\/p><p>Televizor sa satelitskim programom<\/p><p>Dje\u010dji kreveti\u0107 (usluga na zahtjev)<\/p><p>Gla\u010dalo (usluga na zahtjev)<\/p><p>Posude za pripremanje i serviranje hrane i pi\u0107a, te pribor za jelo u odgovaraju\u0107im koli\u010dinama<\/p><p>Hladnjak<\/p><p>Susilo za kosu (usluga na zahtjev)<\/p><p>Stroj za pranje rublja (usluga se napla\u010duje)<\/p><p>\u010cis\u0107enje i pospremanje 1x tjedno<\/p><p>Dozvoljeno pusenje u apartmanu<\/p><p>Pogled na : dvoriste (soba), more (dnevni boravak)<\/p>\t\t\t\t\t\t<\/div>\n\t\t\t\t<\/div>\n\t\t\t\t\t<\/div>\n\t\t<\/div>\n\t\t\t\t<div class=\"elementor-column elementor-col-50 elementor-top-column elementor-element elementor-element-ce82b61\" data-id=\"ce82b61\" data-element_type=\"column\">\n\t\t\t<div class=\"elementor-widget-wrap elementor-element-populated\">\n\t\t\t\t\t\t<div class=\"elementor-element elementor-element-465e67d elementor-widget elementor-widget-text-editor\" data-id=\"465e67d\" data-element_type=\"widget\" data-widget_type=\"text-editor.default\">\n\t\t\t\t<div class=\"elementor-widget-container\">\n\t\t\t\t\t\t\t<h2><span style=\"color: #ff6600;\"><strong>Soba 1:<\/strong><\/span><\/h2><p>Ukupan broj le\u017eaja u sobi: 2<\/p><p>Broj bra\u010dnih le\u017eaja: 1<\/p><p>Povrsina sobe je 12 m2<\/p><h2><span style=\"color: #ff6600;\"><strong>Soba 2:<\/strong><\/span><\/h2><p>Ukupan broj le\u017eaja u sobi: 2<\/p><p>Broj jednostrukih le\u017eaja: 2<\/p><p>Povrsina sobe je 12 m2<\/p>\t\t\t\t\t\t<\/div>\n\t\t\t\t<\/div>\n\t\t\t\t\t<\/div>\n\t\t<\/div>\n\t\t\t\t\t<\/div>\n\t\t<\/section>\n\t\t\t\t<section class=\"elementor-section elementor-top-section elementor-element elementor-element-7ef39dfe elementor-section-full_width elementor-section-height-default elementor-section-height-default\" data-id=\"7ef39dfe\" data-element_type=\"section\" data-settings=\"{&quot;background_background&quot;:&quot;classic&quot;}\">\n\t\t\t\t\t\t<div class=\"elementor-container elementor-column-gap-default\">\n\t\t\t\t\t<div class=\"elementor-column elementor-col-100 elementor-top-column elementor-element elementor-element-68ffc8db\" data-id=\"68ffc8db\" data-element_type=\"column\">\n\t\t\t<div class=\"elementor-widget-wrap elementor-element-populated\">\n\t\t\t\t\t\t<div class=\"elementor-element elementor-element-788083df elementor-align-center elementor-widget elementor-widget-button\" data-id=\"788083df\" data-element_type=\"widget\" data-widget_type=\"button.default\">\n\t\t\t\t<div class=\"elementor-widget-container\">\n\t\t\t\t\t\t\t<div class=\"elementor-button-wrapper\">\n\t\t\t\t\t<a class=\"elementor-button elementor-button-link elementor-size-sm\" href=\"https:\/\/apartmani-drago.com\/de\/contact-us\/\">\n\t\t\t\t\t\t<span class=\"elementor-button-content-wrapper\">\n\t\t\t\t\t\t\t\t\t<span class=\"elementor-button-text\">RESERVIRUNGEN<\/span>\n\t\t\t\t\t<\/span>\n\t\t\t\t\t<\/a>\n\t\t\t\t<\/div>\n\t\t\t\t\t\t<\/div>\n\t\t\t\t<\/div>\n\t\t\t\t\t<\/div>\n\t\t<\/div>\n\t\t\t\t\t<\/div>\n\t\t<\/section>\n\t\t\t\t<\/div>","protected":false},"excerpt":{"rendered":"<p>Kategorija *** 1. kat Broj kupaonica s tus kadom : 1 Boravak i kuhinja su u jednoj prostoriji Povrsina (boravka, blagovaone ili kuhinje) 15 m2 Terasa, 10 m2 Televizor sa satelitskim programom Dje\u010dji kreveti\u0107 (usluga na zahtjev) Gla\u010dalo (usluga na zahtjev) Posude za pripremanje i serviranje hrane i pi\u0107a, te pribor za jelo u odgovaraju\u0107im [&hellip;]<\/p>","protected":false},"author":1,"featured_media":0,"parent":0,"menu_order":0,"comment_status":"closed","ping_status":"closed","template":"template-canvas.php","meta":{"footnotes":""},"class_list":["post-7101","page","type-page","status-publish","hentry"],"_links":{"self":[{"href":"https:\/\/apartmani-drago.com\/de\/wp-json\/wp\/v2\/pages\/7101","targetHints":{"allow":["GET"]}}],"collection":[{"href":"https:\/\/apartmani-drago.com\/de\/wp-json\/wp\/v2\/pages"}],"about":[{"href":"https:\/\/apartmani-drago.com\/de\/wp-json\/wp\/v2\/types\/page"}],"author":[{"embeddable":true,"href":"https:\/\/apartmani-drago.com\/de\/wp-json\/wp\/v2\/users\/1"}],"replies":[{"embeddable":true,"href":"https:\/\/apartmani-drago.com\/de\/wp-json\/wp\/v2\/comments?post=7101"}],"version-history":[{"count":8,"href":"https:\/\/apartmani-drago.com\/de\/wp-json\/wp\/v2\/pages\/7101\/revisions"}],"predecessor-version":[{"id":7110,"href":"https:\/\/apartmani-drago.com\/de\/wp-json\/wp\/v2\/pages\/7101\/revisions\/7110"}],"wp:attachment":[{"href":"https:\/\/apartmani-drago.com\/de\/wp-json\/wp\/v2\/media?parent=7101"}],"curies":[{"name":"wp","href":"https:\/\/api.w.org\/{rel}","templated":true}]}}